{"id":1852,"date":"2023-05-10T02:42:32","date_gmt":"2023-05-10T02:42:32","guid":{"rendered":"https:\/\/turbo.redq.io\/turbo\/?page_id=1852"},"modified":"2025-12-19T15:22:57","modified_gmt":"2025-12-19T15:22:57","slug":"faq","status":"publish","type":"page","link":"https:\/\/rentacarone.ro\/en\/faq\/","title":{"rendered":"Faq"},"content":{"rendered":"<div data-elementor-type=\"wp-page\" data-elementor-id=\"1852\" class=\"elementor elementor-1852\">\n\t\t\t\t\t\t<section class=\"elementor-section elementor-top-section elementor-element elementor-element-044069b elementor-section-full_width elementor-section-height-default elementor-section-height-default wpr-particle-no wpr-jarallax-no wpr-parallax-no wpr-sticky-section-no\" data-id=\"044069b\" data-element_type=\"section\">\n\t\t\t\t\t\t<div class=\"elementor-container elementor-column-gap-no\">\n\t\t\t\t\t<div class=\"elementor-column elementor-col-100 elementor-top-column elementor-element elementor-element-aa71bd3\" data-id=\"aa71bd3\" data-element_type=\"column\">\n\t\t\t<div class=\"elementor-widget-wrap elementor-element-populated\">\n\t\t\t\t\t\t<div class=\"elementor-element elementor-element-78b2e1f elementor-widget elementor-widget-tm_fancy_title\" data-id=\"78b2e1f\" data-element_type=\"widget\" data-widget_type=\"tm_fancy_title.default\">\n\t\t\t\t<div class=\"elementor-widget-container\">\n\t\t\t\t\t\n<div class=\"fancy-title-container\">\n    <h2 class=\"fancy-title font-semibold uppercase text-h2\">\u00centreb\u0103ri Frecvente<\/h2>\n\n            <p class=\"fancy-desc text-light-text leading-7\">\n\n            Ai o \u00eentrebare? Suntem aici s\u0103 te asist\u0103m.\n                            <a  class=\"inline-block underline-offset-8 font-medium\">\n                                    <\/a>\n            \n        <\/p>\n    \n<\/div>\t\t\t\t<\/div>\n\t\t\t\t<\/div>\n\t\t\t\t<div class=\"elementor-element elementor-element-4d1c2cc elementor-widget elementor-widget-tm_faqs\" data-id=\"4d1c2cc\" data-element_type=\"widget\" data-widget_type=\"tm_faqs.default\">\n\t\t\t\t<div class=\"elementor-widget-container\">\n\t\t\t\t\t<div class=\"faq_container lg:container mx-auto px-4\">\n    \n    <div class=\"faq_wrapper accordion-wrapper mx-auto\">\n                    <div class=\"group  content_card relative accordion-item shadow-faq rounded-md mb-3 py-6\">\n                <h2 class=\"accordion_title accordion-toggle text-sm xs:text-base font-semibold leading-5 uppercase cursor-pointer font-body text-brand px-5 lg:px-7 flex justify-between items-start gap-6 group\">\n                    <span class=\"flex items-start\">\n                                                Care sunt condi\u021biile pentru \u00eenchirierea unei ma\u0219ini?                    <\/span>\n                    <span class=\"accordion-icon group-[&amp;.active]:hidden\">\n                        <svg aria-hidden=\"true\" class=\"e-font-icon-svg e-fas-plus\" viewbox=\"0 0 448 512\" xmlns=\"http:\/\/www.w3.org\/2000\/svg\"><path d=\"M416 208H272V64c0-17.67-14.33-32-32-32h-32c-17.67 0-32 14.33-32 32v144H32c-17.67 0-32 14.33-32 32v32c0 17.67 14.33 32 32 32h144v144c0 17.67 14.33 32 32 32h32c17.67 0 32-14.33 32-32V304h144c17.67 0 32-14.33 32-32v-32c0-17.67-14.33-32-32-32z\"><\/path><\/svg>                    <\/span>\n                    <span class=\"accordion-icon hidden group-[&amp;.active]:inline-block -mt-1\">\n                        <svg aria-hidden=\"true\" class=\"e-font-icon-svg e-fas-window-minimize\" viewbox=\"0 0 512 512\" xmlns=\"http:\/\/www.w3.org\/2000\/svg\"><path d=\"M464 352H48c-26.5 0-48 21.5-48 48v32c0 26.5 21.5 48 48 48h416c26.5 0 48-21.5 48-48v-32c0-26.5-21.5-48-48-48z\"><\/path><\/svg>                    <\/span>\n                <\/h2>\n                <div class=\"accordion-body mt-4 hidden ps-16 px-10 py-4\">\n                    <p class=\"accordion_content mb-0 text-[15px] leading-7 text-light-text\"> Pentru a \u00eenchiria o ma\u0219in\u0103, este necesar un act de identitate valid \u0219i un permis de conducere valabil. V\u00e2rsta minim\u0103 \u0219i experien\u021ba de condus pot varia \u00een func\u021bie de modelul ales.<\/p>\n                <\/div>\n            <\/div>\n                    <div class=\"group  content_card relative accordion-item shadow-faq rounded-md mb-3 py-6\">\n                <h2 class=\"accordion_title accordion-toggle text-sm xs:text-base font-semibold leading-5 uppercase cursor-pointer font-body text-brand px-5 lg:px-7 flex justify-between items-start gap-6 group\">\n                    <span class=\"flex items-start\">\n                                                Pot prelua \u0219i preda ma\u0219ina \u00een loca\u021bii diferite?                    <\/span>\n                    <span class=\"accordion-icon group-[&amp;.active]:hidden\">\n                        <svg aria-hidden=\"true\" class=\"e-font-icon-svg e-fas-plus\" viewbox=\"0 0 448 512\" xmlns=\"http:\/\/www.w3.org\/2000\/svg\"><path d=\"M416 208H272V64c0-17.67-14.33-32-32-32h-32c-17.67 0-32 14.33-32 32v144H32c-17.67 0-32 14.33-32 32v32c0 17.67 14.33 32 32 32h144v144c0 17.67 14.33 32 32 32h32c17.67 0 32-14.33 32-32V304h144c17.67 0 32-14.33 32-32v-32c0-17.67-14.33-32-32-32z\"><\/path><\/svg>                    <\/span>\n                    <span class=\"accordion-icon hidden group-[&amp;.active]:inline-block -mt-1\">\n                        <svg aria-hidden=\"true\" class=\"e-font-icon-svg e-fas-window-minimize\" viewbox=\"0 0 512 512\" xmlns=\"http:\/\/www.w3.org\/2000\/svg\"><path d=\"M464 352H48c-26.5 0-48 21.5-48 48v32c0 26.5 21.5 48 48 48h416c26.5 0 48-21.5 48-48v-32c0-26.5-21.5-48-48-48z\"><\/path><\/svg>                    <\/span>\n                <\/h2>\n                <div class=\"accordion-body mt-4 hidden ps-16 px-10 py-4\">\n                    <p class=\"accordion_content mb-0 text-[15px] leading-7 text-light-text\"> Preluarea \u0219i predarea ma\u0219inilor se fac dintr-o singur\u0103 loca\u021bie: Str. Baicului nr. 50, Bucure\u0219ti. Ma\u0219ina se ridic\u0103 \u0219i se returneaz\u0103 la aceea\u0219i adres\u0103.<\/p>\n                <\/div>\n            <\/div>\n                    <div class=\"group  content_card relative accordion-item shadow-faq rounded-md mb-3 py-6\">\n                <h2 class=\"accordion_title accordion-toggle text-sm xs:text-base font-semibold leading-5 uppercase cursor-pointer font-body text-brand px-5 lg:px-7 flex justify-between items-start gap-6 group\">\n                    <span class=\"flex items-start\">\n                                                Exist\u0103 costuri ascunse?                    <\/span>\n                    <span class=\"accordion-icon group-[&amp;.active]:hidden\">\n                        <svg aria-hidden=\"true\" class=\"e-font-icon-svg e-fas-plus\" viewbox=\"0 0 448 512\" xmlns=\"http:\/\/www.w3.org\/2000\/svg\"><path d=\"M416 208H272V64c0-17.67-14.33-32-32-32h-32c-17.67 0-32 14.33-32 32v144H32c-17.67 0-32 14.33-32 32v32c0 17.67 14.33 32 32 32h144v144c0 17.67 14.33 32 32 32h32c17.67 0 32-14.33 32-32V304h144c17.67 0 32-14.33 32-32v-32c0-17.67-14.33-32-32-32z\"><\/path><\/svg>                    <\/span>\n                    <span class=\"accordion-icon hidden group-[&amp;.active]:inline-block -mt-1\">\n                        <svg aria-hidden=\"true\" class=\"e-font-icon-svg e-fas-window-minimize\" viewbox=\"0 0 512 512\" xmlns=\"http:\/\/www.w3.org\/2000\/svg\"><path d=\"M464 352H48c-26.5 0-48 21.5-48 48v32c0 26.5 21.5 48 48 48h416c26.5 0 48-21.5 48-48v-32c0-26.5-21.5-48-48-48z\"><\/path><\/svg>                    <\/span>\n                <\/h2>\n                <div class=\"accordion-body mt-4 hidden ps-16 px-10 py-4\">\n                    <p class=\"accordion_content mb-0 text-[15px] leading-7 text-light-text\"> Nu. Toate tarifele sunt transparente \u0219i comunicate clar \u00eenainte de confirmarea rezerv\u0103rii. F\u0103r\u0103 surprize nepl\u0103cute.<\/p>\n                <\/div>\n            <\/div>\n                    <div class=\"group  content_card relative accordion-item shadow-faq rounded-md mb-3 py-6\">\n                <h2 class=\"accordion_title accordion-toggle text-sm xs:text-base font-semibold leading-5 uppercase cursor-pointer font-body text-brand px-5 lg:px-7 flex justify-between items-start gap-6 group\">\n                    <span class=\"flex items-start\">\n                                                Ce este inclus \u00een pre\u021bul \u00eenchirierii?                    <\/span>\n                    <span class=\"accordion-icon group-[&amp;.active]:hidden\">\n                        <svg aria-hidden=\"true\" class=\"e-font-icon-svg e-fas-plus\" viewbox=\"0 0 448 512\" xmlns=\"http:\/\/www.w3.org\/2000\/svg\"><path d=\"M416 208H272V64c0-17.67-14.33-32-32-32h-32c-17.67 0-32 14.33-32 32v144H32c-17.67 0-32 14.33-32 32v32c0 17.67 14.33 32 32 32h144v144c0 17.67 14.33 32 32 32h32c17.67 0 32-14.33 32-32V304h144c17.67 0 32-14.33 32-32v-32c0-17.67-14.33-32-32-32z\"><\/path><\/svg>                    <\/span>\n                    <span class=\"accordion-icon hidden group-[&amp;.active]:inline-block -mt-1\">\n                        <svg aria-hidden=\"true\" class=\"e-font-icon-svg e-fas-window-minimize\" viewbox=\"0 0 512 512\" xmlns=\"http:\/\/www.w3.org\/2000\/svg\"><path d=\"M464 352H48c-26.5 0-48 21.5-48 48v32c0 26.5 21.5 48 48 48h416c26.5 0 48-21.5 48-48v-32c0-26.5-21.5-48-48-48z\"><\/path><\/svg>                    <\/span>\n                <\/h2>\n                <div class=\"accordion-body mt-4 hidden ps-16 px-10 py-4\">\n                    <p class=\"accordion_content mb-0 text-[15px] leading-7 text-light-text\"> Pre\u021bul include utilizarea ma\u0219inii, asisten\u021b\u0103 pe durata \u00eenchirierii \u0219i dot\u0103rile standard ale vehiculului. Detaliile complete sunt afi\u0219ate pentru fiecare ma\u0219in\u0103 \u00een parte.<\/p>\n                <\/div>\n            <\/div>\n                    <div class=\"group  content_card relative accordion-item shadow-faq rounded-md mb-3 py-6\">\n                <h2 class=\"accordion_title accordion-toggle text-sm xs:text-base font-semibold leading-5 uppercase cursor-pointer font-body text-brand px-5 lg:px-7 flex justify-between items-start gap-6 group\">\n                    <span class=\"flex items-start\">\n                                                Cum pot face o rezervare?                    <\/span>\n                    <span class=\"accordion-icon group-[&amp;.active]:hidden\">\n                        <svg aria-hidden=\"true\" class=\"e-font-icon-svg e-fas-plus\" viewbox=\"0 0 448 512\" xmlns=\"http:\/\/www.w3.org\/2000\/svg\"><path d=\"M416 208H272V64c0-17.67-14.33-32-32-32h-32c-17.67 0-32 14.33-32 32v144H32c-17.67 0-32 14.33-32 32v32c0 17.67 14.33 32 32 32h144v144c0 17.67 14.33 32 32 32h32c17.67 0 32-14.33 32-32V304h144c17.67 0 32-14.33 32-32v-32c0-17.67-14.33-32-32-32z\"><\/path><\/svg>                    <\/span>\n                    <span class=\"accordion-icon hidden group-[&amp;.active]:inline-block -mt-1\">\n                        <svg aria-hidden=\"true\" class=\"e-font-icon-svg e-fas-window-minimize\" viewbox=\"0 0 512 512\" xmlns=\"http:\/\/www.w3.org\/2000\/svg\"><path d=\"M464 352H48c-26.5 0-48 21.5-48 48v32c0 26.5 21.5 48 48 48h416c26.5 0 48-21.5 48-48v-32c0-26.5-21.5-48-48-48z\"><\/path><\/svg>                    <\/span>\n                <\/h2>\n                <div class=\"accordion-body mt-4 hidden ps-16 px-10 py-4\">\n                    <p class=\"accordion_content mb-0 text-[15px] leading-7 text-light-text\"> Rezervarea se face rapid online, aleg\u00e2nd ma\u0219ina dorit\u0103 \u0219i perioada de \u00eenchiriere. Echipa noastr\u0103 te va contacta pentru confirmare.<\/p>\n                <\/div>\n            <\/div>\n            <\/div>\n    <\/div>\t\t\t\t<\/div>\n\t\t\t\t<\/div>\n\t\t\t\t\t<\/div>\n\t\t<\/div>\n\t\t\t\t\t<\/div>\n\t\t<\/section>\n\t\t\t\t<\/div>","protected":false},"excerpt":{"rendered":"","protected":false},"author":1,"featured_media":0,"parent":0,"menu_order":0,"comment_status":"closed","ping_status":"closed","template":"","meta":{"inline_featured_image":false,"footnotes":""},"class_list":["post-1852","page","type-page","status-publish","hentry"],"_links":{"self":[{"href":"https:\/\/rentacarone.ro\/en\/wp-json\/wp\/v2\/pages\/1852","targetHints":{"allow":["GET"]}}],"collection":[{"href":"https:\/\/rentacarone.ro\/en\/wp-json\/wp\/v2\/pages"}],"about":[{"href":"https:\/\/rentacarone.ro\/en\/wp-json\/wp\/v2\/types\/page"}],"author":[{"embeddable":true,"href":"https:\/\/rentacarone.ro\/en\/wp-json\/wp\/v2\/users\/1"}],"replies":[{"embeddable":true,"href":"https:\/\/rentacarone.ro\/en\/wp-json\/wp\/v2\/comments?post=1852"}],"version-history":[{"count":6,"href":"https:\/\/rentacarone.ro\/en\/wp-json\/wp\/v2\/pages\/1852\/revisions"}],"predecessor-version":[{"id":14024,"href":"https:\/\/rentacarone.ro\/en\/wp-json\/wp\/v2\/pages\/1852\/revisions\/14024"}],"wp:attachment":[{"href":"https:\/\/rentacarone.ro\/en\/wp-json\/wp\/v2\/media?parent=1852"}],"curies":[{"name":"wp","href":"https:\/\/api.w.org\/{rel}","templated":true}]}}